{"id":5293,"date":"2024-03-21T14:17:33","date_gmt":"2024-03-21T14:17:33","guid":{"rendered":"https:\/\/estacaoindoor.com.br\/prisma\/?post_type=product&#038;p=5293"},"modified":"2024-03-21T22:42:52","modified_gmt":"2024-03-22T01:42:52","slug":"microfones-lyco-uh08-mm-dinamico-dinamico-cor-preto","status":"publish","type":"product","link":"https:\/\/estacaoindoor.com.br\/prisma\/index.php\/produto\/microfones-lyco-uh08-mm-dinamico-dinamico-cor-preto\/","title":{"rendered":"Microfones Lyco UH08-MM Din\u00e2mico din\u00e2mico cor preto"},"content":{"rendered":"<div class=\"ui-vpp-striped-specs\">\n<div class=\"ui-vpp-striped-specs__table\">\n<h3 class=\"ui-vpp-striped-specs__header\">Caracter\u00edsticas gerais<\/h3>\n<table class=\"andes-table\">\n<tbody class=\"andes-table__body\">\n<tr class=\"andes-table__row ui-vpp-striped-specs__row\">\n<th class=\"andes-table__header andes-table__header--left ui-vpp-striped-specs__row__column ui-vpp-striped-specs__row__column--id\" scope=\"col\">\n<div class=\"andes-table__header__container\">Marca<\/div>\n<\/th>\n<td id=\":R19jpashc4um:\" class=\"andes-table__column andes-table__column--left andes-table__column--vertical-align-center ui-vpp-striped-specs__row__column\" title=\"Lyco\"><span class=\"andes-table__column--value\">Lyco<\/span><\/td>\n<\/tr>\n<tr class=\"andes-table__row ui-vpp-striped-specs__row\">\n<th class=\"andes-table__header andes-table__header--left ui-vpp-striped-specs__row__column ui-vpp-striped-specs__row__column--id\" scope=\"col\">\n<div class=\"andes-table__header__container\">Modelo<\/div>\n<\/th>\n<td id=\":R19lpashc4um:\" class=\"andes-table__column andes-table__column--left andes-table__column--vertical-align-center ui-vpp-striped-specs__row__column\" title=\"UH08-MM\"><span class=\"andes-table__column--value\">UH08-MM<\/span><\/td>\n<\/tr>\n<tr class=\"andes-table__row ui-vpp-striped-specs__row\">\n<th class=\"andes-table__header andes-table__header--left ui-vpp-striped-specs__row__column ui-vpp-striped-specs__row__column--id\" scope=\"col\">\n<div class=\"andes-table__header__container\">Cor<\/div>\n<\/th>\n<td id=\":R19npashc4um:\" class=\"andes-table__column andes-table__column--left andes-table__column--vertical-align-center ui-vpp-striped-specs__row__column\" title=\"Preto\"><span class=\"andes-table__column--value\">Preto<\/span><\/td>\n<\/tr>\n<tr class=\"andes-table__row ui-vpp-striped-specs__row\">\n<th class=\"andes-table__header andes-table__header--left ui-vpp-striped-specs__row__column ui-vpp-striped-specs__row__column--id\" scope=\"col\">\n<div class=\"andes-table__header__container\">\u00c9 gamer<\/div>\n<\/th>\n<td id=\":R19ppashc4um:\" class=\"andes-table__column andes-table__column--left andes-table__column--vertical-align-center ui-vpp-striped-specs__row__column\" title=\"N\u00e3o\"><span class=\"andes-table__column--value\">N\u00e3o<\/span><\/td>\n<\/tr>\n<\/tbody>\n<\/table>\n<p>&nbsp;<\/p>\n<\/div>\n<div class=\"ui-vpp-striped-specs__table\">\n<h3 class=\"ui-vpp-striped-specs__header\">Outros<\/h3>\n<table class=\"andes-table\">\n<tbody class=\"andes-table__body\">\n<tr class=\"andes-table__row ui-vpp-striped-specs__row\">\n<th class=\"andes-table__header andes-table__header--left ui-vpp-striped-specs__row__column ui-vpp-striped-specs__row__column--id\" scope=\"col\">\n<div class=\"andes-table__header__container\">Comprimento do cabo<\/div>\n<\/th>\n<td id=\":Rkrqashc4um:\" class=\"andes-table__column andes-table__column--left andes-table__column--vertical-align-center ui-vpp-striped-specs__row__column\" title=\"1 m\"><span class=\"andes-table__column--value\">1 m<\/span><\/td>\n<\/tr>\n<tr class=\"andes-table__row ui-vpp-striped-specs__row\">\n<th class=\"andes-table__header andes-table__header--left ui-vpp-striped-specs__row__column ui-vpp-striped-specs__row__column--id\" scope=\"col\">\n<div class=\"andes-table__header__container\">Usos recomendados do microfone<\/div>\n<\/th>\n<td id=\":Rktqashc4um:\" class=\"andes-table__column andes-table__column--left andes-table__column--vertical-align-center ui-vpp-striped-specs__row__column\" title=\"Bares, palcos\"><span class=\"andes-table__column--value\">Bares, palcos<\/span><\/td>\n<\/tr>\n<tr class=\"andes-table__row ui-vpp-striped-specs__row\">\n<th class=\"andes-table__header andes-table__header--left ui-vpp-striped-specs__row__column ui-vpp-striped-specs__row__column--id\" scope=\"col\">\n<div class=\"andes-table__header__container\">Com alto-falantes embutidos<\/div>\n<\/th>\n<td id=\":Rkvqashc4um:\" class=\"andes-table__column andes-table__column--left andes-table__column--vertical-align-center ui-vpp-striped-specs__row__column\" title=\"N\u00e3o\"><span class=\"andes-table__column--value\">N\u00e3o<\/span><\/td>\n<\/tr>\n<\/tbody>\n<\/table>\n<p>&nbsp;<\/p>\n<\/div>\n<div class=\"ui-vpp-striped-specs__table\">\n<h3 class=\"ui-vpp-striped-specs__header\">Frequ\u00eancia<\/h3>\n<table class=\"andes-table\">\n<tbody class=\"andes-table__body\">\n<tr class=\"andes-table__row ui-vpp-striped-specs__row\">\n<th class=\"andes-table__header andes-table__header--left ui-vpp-striped-specs__row__column ui-vpp-striped-specs__row__column--id\" scope=\"col\">\n<div class=\"andes-table__header__container\">Frequ\u00eancia m\u00ednima &#8211; Frequ\u00eancia m\u00e1xima<\/div>\n<\/th>\n<td id=\":Rafrashc4um:\" class=\"andes-table__column andes-table__column--left andes-table__column--vertical-align-center ui-vpp-striped-specs__row__column\" title=\"50 Hz - 15 kHz\"><span class=\"andes-table__column--value\">50 Hz &#8211; 15 kHz<\/span><\/td>\n<\/tr>\n<\/tbody>\n<\/table>\n<p>&nbsp;<\/p>\n<\/div>\n<\/div>\n<div class=\"ui-vpp-striped-specs\">\n<div class=\"ui-vpp-striped-specs__table\">\n<h3 class=\"ui-vpp-striped-specs__header\">Especifica\u00e7\u00f5es<\/h3>\n<table class=\"andes-table\">\n<tbody class=\"andes-table__body\">\n<tr class=\"andes-table__row ui-vpp-striped-specs__row\">\n<th class=\"andes-table__header andes-table__header--left ui-vpp-striped-specs__row__column ui-vpp-striped-specs__row__column--id\" scope=\"col\">\n<div class=\"andes-table__header__container\">Formatos de microfone<\/div>\n<\/th>\n<td id=\":R19jpishc4um:\" class=\"andes-table__column andes-table__column--left andes-table__column--vertical-align-center ui-vpp-striped-specs__row__column\" title=\"De m\u00e3o\"><span class=\"andes-table__column--value\">De m\u00e3o<\/span><\/td>\n<\/tr>\n<tr class=\"andes-table__row ui-vpp-striped-specs__row\">\n<th class=\"andes-table__header andes-table__header--left ui-vpp-striped-specs__row__column ui-vpp-striped-specs__row__column--id\" scope=\"col\">\n<div class=\"andes-table__header__container\">Tipos de microfone<\/div>\n<\/th>\n<td id=\":R19lpishc4um:\" class=\"andes-table__column andes-table__column--left andes-table__column--vertical-align-center ui-vpp-striped-specs__row__column\" title=\"Din\u00e2mico\"><span class=\"andes-table__column--value\">Din\u00e2mico<\/span><\/td>\n<\/tr>\n<tr class=\"andes-table__row ui-vpp-striped-specs__row\">\n<th class=\"andes-table__header andes-table__header--left ui-vpp-striped-specs__row__column ui-vpp-striped-specs__row__column--id\" scope=\"col\">\n<div class=\"andes-table__header__container\">Padr\u00f5es polares<\/div>\n<\/th>\n<td id=\":R19npishc4um:\" class=\"andes-table__column andes-table__column--left andes-table__column--vertical-align-center ui-vpp-striped-specs__row__column\" title=\"din\u00e2mico\"><span class=\"andes-table__column--value\">din\u00e2mico<\/span><\/td>\n<\/tr>\n<tr class=\"andes-table__row ui-vpp-striped-specs__row\">\n<th class=\"andes-table__header andes-table__header--left ui-vpp-striped-specs__row__column ui-vpp-striped-specs__row__column--id\" scope=\"col\">\n<div class=\"andes-table__header__container\">Quantidade de microfones<\/div>\n<\/th>\n<td id=\":R19ppishc4um:\" class=\"andes-table__column andes-table__column--left andes-table__column--vertical-align-center ui-vpp-striped-specs__row__column\" title=\"2\"><span class=\"andes-table__column--value\">2<\/span><\/td>\n<\/tr>\n<tr class=\"andes-table__row ui-vpp-striped-specs__row\">\n<th class=\"andes-table__header andes-table__header--left ui-vpp-striped-specs__row__column ui-vpp-striped-specs__row__column--id\" scope=\"col\">\n<div class=\"andes-table__header__container\">Sensibilidade<\/div>\n<\/th>\n<td id=\":R19rpishc4um:\" class=\"andes-table__column andes-table__column--left andes-table__column--vertical-align-center ui-vpp-striped-specs__row__column\" title=\"-109 dB\"><span class=\"andes-table__column--value\">-109 dB<\/span><\/td>\n<\/tr>\n<\/tbody>\n<\/table>\n<p>&nbsp;<\/p>\n<\/div>\n<div class=\"ui-vpp-striped-specs__table\">\n<h3 class=\"ui-vpp-striped-specs__header\">Conectividade<\/h3>\n<table class=\"andes-table\">\n<tbody class=\"andes-table__body\">\n<tr class=\"andes-table__row ui-vpp-striped-specs__row\">\n<th class=\"andes-table__header andes-table__header--left ui-vpp-striped-specs__row__column ui-vpp-striped-specs__row__column--id\" scope=\"col\">\n<div class=\"andes-table__header__container\">Com Bluetooth<\/div>\n<\/th>\n<td id=\":Rkrqishc4um:\" class=\"andes-table__column andes-table__column--left andes-table__column--vertical-align-center ui-vpp-striped-specs__row__column\" title=\"N\u00e3o\"><span class=\"andes-table__column--value\">N\u00e3o<\/span><\/td>\n<\/tr>\n<tr class=\"andes-table__row ui-vpp-striped-specs__row\">\n<th class=\"andes-table__header andes-table__header--left ui-vpp-striped-specs__row__column ui-vpp-striped-specs__row__column--id\" scope=\"col\">\n<div class=\"andes-table__header__container\">Conectores de sa\u00edda<\/div>\n<\/th>\n<td id=\":Rktqishc4um:\" class=\"andes-table__column andes-table__column--left andes-table__column--vertical-align-center ui-vpp-striped-specs__row__column\" title=\"XLR equilibrada\"><span class=\"andes-table__column--value\">XLR equilibrada<\/span><\/td>\n<\/tr>\n<\/tbody>\n<\/table>\n<\/div>\n<\/div>\n","protected":false},"excerpt":{"rendered":"<p>Caracter\u00edsticas gerais Marca Lyco Modelo UH08-MM Cor Preto \u00c9 gamer N\u00e3o &nbsp; Outros Comprimento do cabo 1 m Usos recomendados do microfone Bares, palcos Com alto-falantes embutidos N\u00e3o &nbsp; Frequ\u00eancia Frequ\u00eancia m\u00ednima &#8211; Frequ\u00eancia m\u00e1xima 50 Hz &#8211; 15 kHz &nbsp; Especifica\u00e7\u00f5es Formatos de microfone De m\u00e3o Tipos de microfone Din\u00e2mico Padr\u00f5es polares din\u00e2mico Quantidade [&hellip;]<\/p>\n","protected":false},"featured_media":5732,"comment_status":"open","ping_status":"closed","template":"","meta":[],"product_cat":[28],"product_tag":[],"class_list":{"0":"post-5293","1":"product","2":"type-product","3":"status-publish","4":"has-post-thumbnail","6":"product_cat-microfones","8":"first","9":"instock","10":"shipping-taxable","11":"purchasable","12":"product-type-simple"},"jetpack_sharing_enabled":true,"_links":{"self":[{"href":"https:\/\/estacaoindoor.com.br\/prisma\/index.php\/wp-json\/wp\/v2\/product\/5293","targetHints":{"allow":["GET"]}}],"collection":[{"href":"https:\/\/estacaoindoor.com.br\/prisma\/index.php\/wp-json\/wp\/v2\/product"}],"about":[{"href":"https:\/\/estacaoindoor.com.br\/prisma\/index.php\/wp-json\/wp\/v2\/types\/product"}],"replies":[{"embeddable":true,"href":"https:\/\/estacaoindoor.com.br\/prisma\/index.php\/wp-json\/wp\/v2\/comments?post=5293"}],"version-history":[{"count":1,"href":"https:\/\/estacaoindoor.com.br\/prisma\/index.php\/wp-json\/wp\/v2\/product\/5293\/revisions"}],"predecessor-version":[{"id":5733,"href":"https:\/\/estacaoindoor.com.br\/prisma\/index.php\/wp-json\/wp\/v2\/product\/5293\/revisions\/5733"}],"wp:featuredmedia":[{"embeddable":true,"href":"https:\/\/estacaoindoor.com.br\/prisma\/index.php\/wp-json\/wp\/v2\/media\/5732"}],"wp:attachment":[{"href":"https:\/\/estacaoindoor.com.br\/prisma\/index.php\/wp-json\/wp\/v2\/media?parent=5293"}],"wp:term":[{"taxonomy":"product_cat","embeddable":true,"href":"https:\/\/estacaoindoor.com.br\/prisma\/index.php\/wp-json\/wp\/v2\/product_cat?post=5293"},{"taxonomy":"product_tag","embeddable":true,"href":"https:\/\/estacaoindoor.com.br\/prisma\/index.php\/wp-json\/wp\/v2\/product_tag?post=5293"}],"curies":[{"name":"wp","href":"https:\/\/api.w.org\/{rel}","templated":true}]}}