{"id":5313,"date":"2024-03-21T14:22:43","date_gmt":"2024-03-21T14:22:43","guid":{"rendered":"https:\/\/estacaoindoor.com.br\/prisma\/?post_type=product&#038;p=5313"},"modified":"2024-03-22T01:03:55","modified_gmt":"2024-03-22T04:03:55","slug":"microfone-sennheiser-ew-d-835-s-set-sem-fio","status":"publish","type":"product","link":"https:\/\/estacaoindoor.com.br\/prisma\/index.php\/produto\/microfone-sennheiser-ew-d-835-s-set-sem-fio\/","title":{"rendered":"Microfone Sennheiser Ew-d 835-s Set Sem Fio"},"content":{"rendered":"<div class=\"ui-vpp-striped-specs\">\n<div class=\"ui-vpp-striped-specs__table\">\n<h3>Com o microfone da Sennheiser voc\u00ea vai descobrir uma nova maneira de capturar e transmitir \u00e1udios.<\/h3>\n<p>Um formato que combina com voc\u00ea<br \/>\nSeu dinamismo o torna ideal para vocalistas e instrumentos. \u00c9 leve e se encaixa em todos os tipos de p\u00e9s ou suportes. Sem necessidade de fonte de alimenta\u00e7\u00e3o, ele lhe oferecer\u00e1 um alto grau de autonomia para usos externos e tamb\u00e9m internos.<\/p>\n<p>&nbsp;<\/p>\n<h3 class=\"ui-vpp-striped-specs__header\">Caracter\u00edsticas gerais<\/h3>\n<table class=\"andes-table\">\n<tbody class=\"andes-table__body\">\n<tr class=\"andes-table__row ui-vpp-striped-specs__row\">\n<th class=\"andes-table__header andes-table__header--left ui-vpp-striped-specs__row__column ui-vpp-striped-specs__row__column--id\" scope=\"col\">\n<div class=\"andes-table__header__container\">Marca<\/div>\n<\/th>\n<td id=\":R19jpashc4um:\" class=\"andes-table__column andes-table__column--left andes-table__column--vertical-align-center ui-vpp-striped-specs__row__column\" title=\"Sennheiser\"><span class=\"andes-table__column--value\">Sennheiser<\/span><\/td>\n<\/tr>\n<tr class=\"andes-table__row ui-vpp-striped-specs__row\">\n<th class=\"andes-table__header andes-table__header--left ui-vpp-striped-specs__row__column ui-vpp-striped-specs__row__column--id\" scope=\"col\">\n<div class=\"andes-table__header__container\">Modelo<\/div>\n<\/th>\n<td id=\":R19lpashc4um:\" class=\"andes-table__column andes-table__column--left andes-table__column--vertical-align-center ui-vpp-striped-specs__row__column\" title=\"Kit microfone sennheiser ew-d 835-s set sem fio\"><span class=\"andes-table__column--value\">Kit microfone sennheiser ew-d 835-s set sem fio<\/span><\/td>\n<\/tr>\n<tr class=\"andes-table__row ui-vpp-striped-specs__row\">\n<th class=\"andes-table__header andes-table__header--left ui-vpp-striped-specs__row__column ui-vpp-striped-specs__row__column--id\" scope=\"col\">\n<div class=\"andes-table__header__container\">Cor<\/div>\n<\/th>\n<td id=\":R19npashc4um:\" class=\"andes-table__column andes-table__column--left andes-table__column--vertical-align-center ui-vpp-striped-specs__row__column\" title=\"Preto\"><span class=\"andes-table__column--value\">Preto<\/span><\/td>\n<\/tr>\n<tr class=\"andes-table__row ui-vpp-striped-specs__row\">\n<th class=\"andes-table__header andes-table__header--left ui-vpp-striped-specs__row__column ui-vpp-striped-specs__row__column--id\" scope=\"col\">\n<div class=\"andes-table__header__container\">Modelo detalhado<\/div>\n<\/th>\n<td id=\":R19ppashc4um:\" class=\"andes-table__column andes-table__column--left andes-table__column--vertical-align-center ui-vpp-striped-specs__row__column\" title=\"Kit microfone sennheiser ew-d 835-s set sem fio\"><span class=\"andes-table__column--value\">Kit microfone sennheiser ew-d 835-s set sem fio<\/span><\/td>\n<\/tr>\n<\/tbody>\n<\/table>\n<p>&nbsp;<\/p>\n<\/div>\n<div class=\"ui-vpp-striped-specs__table\">\n<h3 class=\"ui-vpp-striped-specs__header\">Peso e dimens\u00f5es<\/h3>\n<table class=\"andes-table\">\n<tbody class=\"andes-table__body\">\n<tr class=\"andes-table__row ui-vpp-striped-specs__row\">\n<th class=\"andes-table__header andes-table__header--left ui-vpp-striped-specs__row__column ui-vpp-striped-specs__row__column--id\" scope=\"col\">\n<div class=\"andes-table__header__container\">Peso<\/div>\n<\/th>\n<td id=\":Rafqashc4um:\" class=\"andes-table__column andes-table__column--left andes-table__column--vertical-align-center ui-vpp-striped-specs__row__column\" title=\"1000 g\"><span class=\"andes-table__column--value\">1000 g<\/span><\/td>\n<\/tr>\n<\/tbody>\n<\/table>\n<p>&nbsp;<\/p>\n<\/div>\n<\/div>\n<div class=\"ui-vpp-striped-specs\">\n<div class=\"ui-vpp-striped-specs__table\">\n<h3 class=\"ui-vpp-striped-specs__header\">Especifica\u00e7\u00f5es<\/h3>\n<table class=\"andes-table\">\n<tbody class=\"andes-table__body\">\n<tr class=\"andes-table__row ui-vpp-striped-specs__row\">\n<th class=\"andes-table__header andes-table__header--left ui-vpp-striped-specs__row__column ui-vpp-striped-specs__row__column--id\" scope=\"col\">\n<div class=\"andes-table__header__container\">Tipos de microfone<\/div>\n<\/th>\n<td id=\":Rkrpishc4um:\" class=\"andes-table__column andes-table__column--left andes-table__column--vertical-align-center ui-vpp-striped-specs__row__column\" title=\"Din\u00e2mico\"><span class=\"andes-table__column--value\">Din\u00e2mico<\/span><\/td>\n<\/tr>\n<tr class=\"andes-table__row ui-vpp-striped-specs__row\">\n<th class=\"andes-table__header andes-table__header--left ui-vpp-striped-specs__row__column ui-vpp-striped-specs__row__column--id\" scope=\"col\">\n<div class=\"andes-table__header__container\">Quantidade de microfones<\/div>\n<\/th>\n<td id=\":Rktpishc4um:\" class=\"andes-table__column andes-table__column--left andes-table__column--vertical-align-center ui-vpp-striped-specs__row__column\" title=\"1\"><span class=\"andes-table__column--value\">1<\/span><\/td>\n<\/tr>\n<\/tbody>\n<\/table>\n<p>&nbsp;<\/p>\n<\/div>\n<div class=\"ui-vpp-striped-specs__table\">\n<h3 class=\"ui-vpp-striped-specs__header\">Conectividade<\/h3>\n<table class=\"andes-table\">\n<tbody class=\"andes-table__body\">\n<tr class=\"andes-table__row ui-vpp-striped-specs__row\">\n<th class=\"andes-table__header andes-table__header--left ui-vpp-striped-specs__row__column ui-vpp-striped-specs__row__column--id\" scope=\"col\">\n<div class=\"andes-table__header__container\">Conectores de sa\u00edda<\/div>\n<\/th>\n<td id=\":Rafqishc4um:\" class=\"andes-table__column andes-table__column--left andes-table__column--vertical-align-center ui-vpp-striped-specs__row__column\" title=\"Xlr\"><span class=\"andes-table__column--value\">Xlr<\/span><\/td>\n<\/tr>\n<\/tbody>\n<\/table>\n<p>&nbsp;<\/p>\n<\/div>\n<div class=\"ui-vpp-striped-specs__table\">\n<h3 class=\"ui-vpp-striped-specs__header\">Frequ\u00eancia<\/h3>\n<table class=\"andes-table\">\n<tbody class=\"andes-table__body\">\n<tr class=\"andes-table__row ui-vpp-striped-specs__row\">\n<th class=\"andes-table__header andes-table__header--left ui-vpp-striped-specs__row__column ui-vpp-striped-specs__row__column--id\" scope=\"col\">\n<div class=\"andes-table__header__container\">Frequ\u00eancia m\u00ednima &#8211; Frequ\u00eancia m\u00e1xima<\/div>\n<\/th>\n<td id=\":Rafrishc4um:\" class=\"andes-table__column andes-table__column--left andes-table__column--vertical-align-center ui-vpp-striped-specs__row__column\" title=\"20 Hz - 20 kHz\"><span class=\"andes-table__column--value\">20 Hz &#8211; 20 kHz<\/span><\/td>\n<\/tr>\n<\/tbody>\n<\/table>\n<\/div>\n<\/div>\n","protected":false},"excerpt":{"rendered":"<p>Com o microfone da Sennheiser voc\u00ea vai descobrir uma nova maneira de capturar e transmitir \u00e1udios. Um formato que combina com voc\u00ea Seu dinamismo o torna ideal para vocalistas e instrumentos. \u00c9 leve e se encaixa em todos os tipos de p\u00e9s ou suportes. Sem necessidade de fonte de alimenta\u00e7\u00e3o, ele lhe oferecer\u00e1 um alto [&hellip;]<\/p>\n","protected":false},"featured_media":5886,"comment_status":"open","ping_status":"closed","template":"","meta":[],"product_cat":[28],"product_tag":[],"class_list":{"0":"post-5313","1":"product","2":"type-product","3":"status-publish","4":"has-post-thumbnail","6":"product_cat-microfones","8":"first","9":"instock","10":"shipping-taxable","11":"purchasable","12":"product-type-simple"},"jetpack_sharing_enabled":true,"_links":{"self":[{"href":"https:\/\/estacaoindoor.com.br\/prisma\/index.php\/wp-json\/wp\/v2\/product\/5313","targetHints":{"allow":["GET"]}}],"collection":[{"href":"https:\/\/estacaoindoor.com.br\/prisma\/index.php\/wp-json\/wp\/v2\/product"}],"about":[{"href":"https:\/\/estacaoindoor.com.br\/prisma\/index.php\/wp-json\/wp\/v2\/types\/product"}],"replies":[{"embeddable":true,"href":"https:\/\/estacaoindoor.com.br\/prisma\/index.php\/wp-json\/wp\/v2\/comments?post=5313"}],"version-history":[{"count":1,"href":"https:\/\/estacaoindoor.com.br\/prisma\/index.php\/wp-json\/wp\/v2\/product\/5313\/revisions"}],"predecessor-version":[{"id":5887,"href":"https:\/\/estacaoindoor.com.br\/prisma\/index.php\/wp-json\/wp\/v2\/product\/5313\/revisions\/5887"}],"wp:featuredmedia":[{"embeddable":true,"href":"https:\/\/estacaoindoor.com.br\/prisma\/index.php\/wp-json\/wp\/v2\/media\/5886"}],"wp:attachment":[{"href":"https:\/\/estacaoindoor.com.br\/prisma\/index.php\/wp-json\/wp\/v2\/media?parent=5313"}],"wp:term":[{"taxonomy":"product_cat","embeddable":true,"href":"https:\/\/estacaoindoor.com.br\/prisma\/index.php\/wp-json\/wp\/v2\/product_cat?post=5313"},{"taxonomy":"product_tag","embeddable":true,"href":"https:\/\/estacaoindoor.com.br\/prisma\/index.php\/wp-json\/wp\/v2\/product_tag?post=5313"}],"curies":[{"name":"wp","href":"https:\/\/api.w.org\/{rel}","templated":true}]}}