{"id":5317,"date":"2024-03-21T14:27:26","date_gmt":"2024-03-21T14:27:26","guid":{"rendered":"https:\/\/estacaoindoor.com.br\/prisma\/?post_type=product&#038;p=5317"},"modified":"2024-03-22T01:02:54","modified_gmt":"2024-03-22T04:02:54","slug":"blackmagic-design-atem-mini-pro-pronta-entrega","status":"publish","type":"product","link":"https:\/\/estacaoindoor.com.br\/prisma\/index.php\/produto\/blackmagic-design-atem-mini-pro-pronta-entrega\/","title":{"rendered":"Blackmagic Design Atem Mini Pro | Pronta Entrega"},"content":{"rendered":"<p>O Blackmagic ATEM Mini Pro \u00e9 r\u00e1pido de configurar e f\u00e1cil de usar. Inclui quatro entradas HDMI com convers\u00e3o de padr\u00f5es, sa\u00edda de webcam USB, sa\u00edda HDMI, mixer de \u00e1udio Fairlight com EQ e din\u00e2mica, DVE para imagem em imagem, efeitos de transi\u00e7\u00e3o, chave croma para telas verdes, 20 imagens est\u00e1ticas para t\u00edtulos no pool de m\u00eddia e ATEM Software Control gratuito.<\/p>\n<p>O switcher tamb\u00e9m inclui grava\u00e7\u00e3o H.264 direta em unidades flash USB e streaming direto por Ethernet no YouTube Live e outros. Multivisualiza\u00e7\u00e3o de quatro c\u00e2meras, m\u00eddias, pr\u00e9-visualiza\u00e7\u00e3o e programa, al\u00e9m de status de grava\u00e7\u00e3o, streaming e \u00e1udio tamb\u00e9m est\u00e3o inclusos.<\/p>\n<p>Diferenciais<br \/>\nSwitcher HDMI Live Stream de 4 canais.<br \/>\nTally ao vivo, stream e registro ao vivo.<br \/>\nControla at\u00e9 quatro c\u00e2meras BMPCC 6K\/4K.<br \/>\nBot\u00e3o de grava\u00e7\u00e3o, preview multivisualiza\u00e7\u00e3o de canal.<br \/>\nMesmo painel traseiro do ATEM Mini com bot\u00f5es adicionados e recursos de software.<br \/>\nStream de v\u00eddeo at\u00e9 1080p HD.<br \/>\nBot\u00f5es de fluxo r\u00e1pido, on-air e grava\u00e7\u00e3o.<br \/>\nCodificador de hardware para que n\u00e3o haja necessidade de software de streaming adicional.<br \/>\nControle e configure timecode, status de stream.<br \/>\nRecursos completos de suporte e controle para c\u00e2meras BMPCC 6K e 4K.<br \/>\nGrava\u00e7\u00e3o simult\u00e2nea USB.<br \/>\nIntegra\u00e7\u00e3o com multiDock para comuta\u00e7\u00e3o do disco r\u00edgido ao vivo.<br \/>\nPersonalize configura\u00e7\u00f5es avan\u00e7adas com arquivos XML.<br \/>\nSoftware multiview com visualiza\u00e7\u00f5es de programas, gr\u00e1ficos, status da grava\u00e7\u00e3o, status on-air, medidores de \u00e1udio.<br \/>\nBot\u00f5es de entrada e sa\u00edda de visualiza\u00e7\u00e3o do programa.<br \/>\nControle de luz tally para c\u00e2meras BMPCC 6K\/4K.<br \/>\nSincroniza\u00e7\u00e3o autom\u00e1tica do timecode para todas as c\u00e2meras.<\/p>\n<p>Caracter\u00edsticas T\u00e9cnicas<br \/>\nConex\u00f5es<br \/>\nTotal de Entradas de V\u00eddeo<br \/>\n4<\/p>\n<p>Total de Sa\u00eddas<br \/>\n2<\/p>\n<p>Total de Sa\u00eddas Auxiliares<br \/>\n1<\/p>\n<p>Total de Entradas de \u00c1udio<br \/>\n2 x miniconectores est\u00e9reo tipo jack de 3,5 mm.<\/p>\n<p>Total de Sa\u00eddas de \u00c1udio<br \/>\nNenhuma, somente \u00e1udio embutido.<\/p>\n<p>Conex\u00e3o de C\u00f3digo de Tempo<br \/>\nNenhuma.<\/p>\n<p>Entradas de V\u00eddeo HDMI<br \/>\n4 x HDMI tipo A, HD de 10 bits altern\u00e1vel.<br \/>\n2 canais de \u00e1udio embutido.<\/p>\n<p>Ressincroniza\u00e7\u00e3o das Entradas de V\u00eddeo<br \/>\nEm todas as 4 entradas HDMI.<\/p>\n<p>Conversores de Taxa de Quadro e Formato<br \/>\nEm todas as 4 entradas HDMI.<\/p>\n<p>Sa\u00eddas de Programa HDMI<br \/>\n1<\/p>\n<p>Ethernet<br \/>\nEthernet suporta 10\/100\/1000 BaseT para streaming ao vivo, controle de software, atualiza\u00e7\u00f5es de software e conex\u00e3o do painel direta ou por rede.<\/p>\n<p>Interface do Computador<br \/>\n1 x USB 3.1 Tipo C de primeira gera\u00e7\u00e3o para grava\u00e7\u00e3o em drives externos, sa\u00edda de webcam, controle de software, atualiza\u00e7\u00f5es de software e conex\u00e3o do painel.<\/p>\n<p>Padr\u00f5es<br \/>\nPadr\u00f5es de Entrada de V\u00eddeo HD<br \/>\n720p50, 720p59.94, 720p60<br \/>\n1080p23.98, 1080p24, 1080p25, 1080p29.97, 1080p30, 1080p50, 1080p59.94, 1080p60<br \/>\n1080i50, 1080i59.94, 1080i60<\/p>\n<p>Padr\u00f5es de Sa\u00edda de V\u00eddeo HD<br \/>\n1080p23.98, 1080p24, 1080p25, 1080p29.97, 1080p30, 1080p50, 1080p59.94, 1080p60<\/p>\n<p>Padr\u00f5es de V\u00eddeo Ultra HD<br \/>\nNenhum.<\/p>\n<p>Amostragem de V\u00eddeo<br \/>\nYUV 4:2:2.<\/p>\n<p>Precis\u00e3o de Cor<br \/>\n10 bits.<\/p>\n<p>Espa\u00e7o de Cor<br \/>\nRec 709<\/p>\n<p>Resolu\u00e7\u00f5es de Entrada HDMI para Computadores<br \/>\n1280 x 720p 50 Hz, 59.94 Hz e 60 Hz<br \/>\n1920 x 1080p 23.98, 24, 25, 29.97,30, 50, 59.94 e 60Hz<br \/>\n1920 x1080i 50 e 59.94Hz 60Hz<\/p>\n<p>Convers\u00e3o do Espa\u00e7o de Cor<br \/>\nEm tempo real, baseada em hardware.<\/p>\n<p>Mixer de \u00c1udio<br \/>\n6 entradas x 2 mixers de canais.<br \/>\nLiga\/Desliga\/Audio-Follow-Video selecion\u00e1veis por canal, al\u00e9m de controle de ganho separado por canal.<br \/>\nMedi\u00e7\u00e3o de n\u00edvel e pico. Inclui novas ferramentas Fairlight de aprimoramento de \u00e1udio: Compressor, port\u00e3o, limitador e equalizador param\u00e9trico de seis bandas. Controle de ganho mestre.<\/p>\n<p>Especificidades Do Produto<br \/>\nChaveadores Upstream<br \/>\n1<\/p>\n<p>Chaveadores Downstream<br \/>\n1<\/p>\n<p>Chaveadores Croma Avan\u00e7ados<br \/>\n1<\/p>\n<p>Chaveadores Linear\/Luma<br \/>\n2<\/p>\n<p>Chaveador para Transi\u00e7\u00e3o<br \/>\nApenas DVE.<\/p>\n<p>N\u00famero Total de Camadas<br \/>\n5<\/p>\n<p>Geradores de Padr\u00e3o<br \/>\n1<\/p>\n<p>Geradores de Cor<br \/>\n2<\/p>\n<p>DVE com Bordas e Sombreamento<br \/>\n1<\/p>\n<p>Interface<br \/>\nResolu\u00e7\u00e3o m\u00ednima do monitor de 1366 x 768.<\/p>\n<p>Streaming<br \/>\nStreaming Direto<br \/>\nO ATEM Mini Pro suporta streaming direto ao vivo por Ethernet usando Protocolo de Mensagens em Tempo Real (RTMP).<\/p>\n<p>Grava\u00e7\u00e3o<br \/>\nGrava\u00e7\u00e3o Direta<br \/>\n1 x porta de expans\u00e3o USB-C 3.1 de primeira gera\u00e7\u00e3o para grava\u00e7\u00e3o direta de .mp4 H.264 com \u00e1udio AAC em m\u00eddias externas no padr\u00e3o de v\u00eddeo ATEM.<\/p>\n<p>Formatos de M\u00eddia<br \/>\nPode formatar m\u00eddias para sistemas de arquivo ExFAT (Windows\/Mac) ou HFS+ (Mac).<\/p>\n<p>Monitoramento por Multivisualiza\u00e7\u00e3o<br \/>\nMonitoramento por Multivisualiza\u00e7\u00e3o<br \/>\n1 x 10 visualiza\u00e7\u00f5es incluindo Programa\/Pr\u00e9-visualiza\u00e7\u00e3o configur\u00e1veis \u00e0 esquerda e \u00e0 direita, 4 entradas HDMI, leitor de m\u00eddia, status de streaming, status de grava\u00e7\u00e3o e medidores de \u00e1udio.<\/p>\n<p>Padr\u00e3o de V\u00eddeo da Multivisualiza\u00e7\u00e3o<br \/>\nHD.<\/p>\n<p>Leitor De M\u00eddia<br \/>\nLeitores de M\u00eddia<br \/>\n1<\/p>\n<p>Canais<br \/>\nSinais de preenchimento e chave para cada leitor de m\u00eddia.<\/p>\n<p>Capacidade de Imagens Est\u00e1ticas no Pool de M\u00eddia<br \/>\n20 com preenchimento e chave.<\/p>\n<p>Formato de Imagens Est\u00e1ticas no Pool de M\u00eddia<br \/>\nPNG, TGA, BMP, GIF, JPEG e TIFF.<\/p>\n<p>Controle<br \/>\nPainel de Controle<br \/>\nPainel de controle integrado. Painel de controle por software com controle de c\u00e2mera inclu\u00eddo. Compat\u00edvel com painel de controle f\u00edsico opcional.<\/p>\n<p>Conex\u00e3o com Painel de Controle<br \/>\nEthernet compat\u00edvel com 10\/100\/1000 BaseT. Ethernet usada para conex\u00e3o direta entre painel e chassi, ou via rede. O ATEM Mini Pro \u00e9 compat\u00edvel com conex\u00e3o USB-C direta. Ethernet ou USB-C usadas para atualizar o software.<\/p>\n<p>Compatibilidade com Painel de Controle<br \/>\nInclui ATEM Software Control Panel. Tamb\u00e9m \u00e9 compat\u00edvel com ATEM 1 M\/E Advanced Panel e ATEM 2 M\/E Broadcast Panel.<\/p>\n<p>Painel de Controle Incluso<br \/>\nATEM Software Control Panel inclu\u00eddo gratuitamente para Mac 10.14 Mojave, Mac 10.15 Catalina ou mais recentes e Windows 10 apenas de 64 bits.<\/p>\n<p>Software<br \/>\nAtualiza\u00e7\u00f5es de Software<br \/>\nUtilizando conex\u00e3o via USB ou Ethernet direta a computadores Mac OS X e Windows. Inclui ATEM Switcher Utility.<\/p>\n<p>Configura\u00e7\u00e3o<br \/>\nVia ATEM Software Control Panel, com exce\u00e7\u00e3o do endere\u00e7o IP do chassi ATEM que \u00e9 configurado atrav\u00e9s do ATEM Switcher Utility conectado ao chassi via USB.<\/p>\n<p>Sistemas Operacionais<br \/>\nMac 10.14 Mojave,<br \/>\nMac 10.15 Catalina ou mais recentes.<br \/>\nApenas Windows 10 64 bits.<\/p>\n<p>Especifica\u00e7\u00f5es Ambientais<br \/>\nTemperatura Operacional<br \/>\n5\u00b0 a 40\u00b0 C (41\u00b0 a 104\u00b0 F)<\/p>\n<p>Temperatura de Armazenamento<br \/>\n-10\u00b0 a 60\u00b0 C (14\u00b0 a 140\u00b0 F)<\/p>\n<p>Umidade Relativa<br \/>\n0% &#8211; 90% sem condensa\u00e7\u00e3o<\/p>\n<p>Incluso<br \/>\nATEM Mini Pro<br \/>\nFonte de alimenta\u00e7\u00e3o DC de 12 V externa com adaptadores de tomada internacionais.<\/p>\n<p>PRODUTO ORIGINAL E LACRADO<br \/>\nENVIO IMEDIATO<\/p>\n","protected":false},"excerpt":{"rendered":"<p>O Blackmagic ATEM Mini Pro \u00e9 r\u00e1pido de configurar e f\u00e1cil de usar. Inclui quatro entradas HDMI com convers\u00e3o de padr\u00f5es, sa\u00edda de webcam USB, sa\u00edda HDMI, mixer de \u00e1udio Fairlight com EQ e din\u00e2mica, DVE para imagem em imagem, efeitos de transi\u00e7\u00e3o, chave croma para telas verdes, 20 imagens est\u00e1ticas para t\u00edtulos no pool [&hellip;]<\/p>\n","protected":false},"featured_media":5883,"comment_status":"open","ping_status":"closed","template":"","meta":[],"product_cat":[29],"product_tag":[],"class_list":{"0":"post-5317","1":"product","2":"type-product","3":"status-publish","4":"has-post-thumbnail","6":"product_cat-acessorios-para-audio-e-video","8":"first","9":"instock","10":"shipping-taxable","11":"purchasable","12":"product-type-simple"},"jetpack_sharing_enabled":true,"_links":{"self":[{"href":"https:\/\/estacaoindoor.com.br\/prisma\/index.php\/wp-json\/wp\/v2\/product\/5317","targetHints":{"allow":["GET"]}}],"collection":[{"href":"https:\/\/estacaoindoor.com.br\/prisma\/index.php\/wp-json\/wp\/v2\/product"}],"about":[{"href":"https:\/\/estacaoindoor.com.br\/prisma\/index.php\/wp-json\/wp\/v2\/types\/product"}],"replies":[{"embeddable":true,"href":"https:\/\/estacaoindoor.com.br\/prisma\/index.php\/wp-json\/wp\/v2\/comments?post=5317"}],"version-history":[{"count":1,"href":"https:\/\/estacaoindoor.com.br\/prisma\/index.php\/wp-json\/wp\/v2\/product\/5317\/revisions"}],"predecessor-version":[{"id":5885,"href":"https:\/\/estacaoindoor.com.br\/prisma\/index.php\/wp-json\/wp\/v2\/product\/5317\/revisions\/5885"}],"wp:featuredmedia":[{"embeddable":true,"href":"https:\/\/estacaoindoor.com.br\/prisma\/index.php\/wp-json\/wp\/v2\/media\/5883"}],"wp:attachment":[{"href":"https:\/\/estacaoindoor.com.br\/prisma\/index.php\/wp-json\/wp\/v2\/media?parent=5317"}],"wp:term":[{"taxonomy":"product_cat","embeddable":true,"href":"https:\/\/estacaoindoor.com.br\/prisma\/index.php\/wp-json\/wp\/v2\/product_cat?post=5317"},{"taxonomy":"product_tag","embeddable":true,"href":"https:\/\/estacaoindoor.com.br\/prisma\/index.php\/wp-json\/wp\/v2\/product_tag?post=5317"}],"curies":[{"name":"wp","href":"https:\/\/api.w.org\/{rel}","templated":true}]}}