{"id":5325,"date":"2024-03-21T14:29:33","date_gmt":"2024-03-21T14:29:33","guid":{"rendered":"https:\/\/estacaoindoor.com.br\/prisma\/?post_type=product&#038;p=5325"},"modified":"2024-03-22T01:18:47","modified_gmt":"2024-03-22T04:18:47","slug":"hollyland-mars-400s-pro-hdmisdi-wireless-transm-s-fio-c-nf","status":"publish","type":"product","link":"https:\/\/estacaoindoor.com.br\/prisma\/index.php\/produto\/hollyland-mars-400s-pro-hdmisdi-wireless-transm-s-fio-c-nf\/","title":{"rendered":"Cage Gaiola Smallrig P\/ Blackmagic Pocket 4k\/6k 2203b"},"content":{"rendered":"<p>A Full Cage dedicada para Blackmagic Pocket Cinema Camera 4K \/ 6K da SmallRig \u00e9 uma moldura protetora que lhe permite montar acess\u00f3rios em sua Pocket Cinema Camera 4K ou 6K. S\u00e3o v\u00e1rias possibilidades de uso. Uma montagem de sapata, v\u00e1rios trilhos NATO e v\u00e1rias roscas de acess\u00f3rios de 1\/4 &#8221; x20, 3\/8&#8243; x16 e ARRI s\u00e3o constru\u00eddas na parte superior e nas laterais da gaiola.<\/p>\n<p>O acesso aos controles, compartimentos e conectores da c\u00e2mera \u00e9 mantido quando a gaiola \u00e9 instalada na c\u00e2mera. A gaiola vers\u00e1til incorpora pinos de localiza\u00e7\u00e3o e almofadas de borracha para um ajuste confort\u00e1vel em sua c\u00e2mera BMPCC 4K ou 6K. Ele tamb\u00e9m possui orif\u00edcios de al\u00e7a para adicionar uma al\u00e7a de m\u00e3o ou al\u00e7a de pesco\u00e7o. Uma chave Allen armazenada na base est\u00e1 inclu\u00edda para ajudar a apertar o parafuso da c\u00e2mera.<\/p>\n<p>-OP\u00c7\u00d5ES DISPON\u00cdVEIS DE MONTAGEM P\/ ACESS\u00d3RIOS:<\/p>\n<p>20x Furos \/ Roscas formato 1\/4&#8243;<br \/>\n16x Furos \/ Roscas formato 3\/8&#8243; ARRI-style<br \/>\nM\u00faltiplos Trilhos NATO<br \/>\n1 x Sapata p\/ Montagem<\/p>\n<p>&#8211; ITENS INCLUSOS:<\/p>\n<p>1 x Cage \/ Gaiola 2203B SmallRig<br \/>\n3 x 1\/4 Parafuso<br \/>\n1 x Chave Allen<br \/>\n1 x Base com Pino<\/p>\n<p>&#8211; DIMENS\u00d5ES DO PRODUTO<br \/>\n192 x 115 x 75mm<\/p>\n<p>&#8211; PESO L\u00cdQUIDO<br \/>\n300g<\/p>\n<p>&#8211; PRODUTO ORIGINAL E LACRADO<br \/>\n&#8211; ENVIO IMEDIATO<\/p>\n<p>Garantia do vendedor: 3 meses<\/p>\n","protected":false},"excerpt":{"rendered":"<p>A Full Cage dedicada para Blackmagic Pocket Cinema Camera 4K \/ 6K da SmallRig \u00e9 uma moldura protetora que lhe permite montar acess\u00f3rios em sua Pocket Cinema Camera 4K ou 6K. S\u00e3o v\u00e1rias possibilidades de uso. Uma montagem de sapata, v\u00e1rios trilhos NATO e v\u00e1rias roscas de acess\u00f3rios de 1\/4 &#8221; x20, 3\/8&#8243; x16 e [&hellip;]<\/p>\n","protected":false},"featured_media":5938,"comment_status":"open","ping_status":"closed","template":"","meta":[],"product_cat":[30],"product_tag":[],"class_list":{"0":"post-5325","1":"product","2":"type-product","3":"status-publish","4":"has-post-thumbnail","6":"product_cat-acessorios-para-cameras","8":"first","9":"instock","10":"shipping-taxable","11":"purchasable","12":"product-type-simple"},"jetpack_sharing_enabled":true,"_links":{"self":[{"href":"https:\/\/estacaoindoor.com.br\/prisma\/index.php\/wp-json\/wp\/v2\/product\/5325","targetHints":{"allow":["GET"]}}],"collection":[{"href":"https:\/\/estacaoindoor.com.br\/prisma\/index.php\/wp-json\/wp\/v2\/product"}],"about":[{"href":"https:\/\/estacaoindoor.com.br\/prisma\/index.php\/wp-json\/wp\/v2\/types\/product"}],"replies":[{"embeddable":true,"href":"https:\/\/estacaoindoor.com.br\/prisma\/index.php\/wp-json\/wp\/v2\/comments?post=5325"}],"version-history":[{"count":2,"href":"https:\/\/estacaoindoor.com.br\/prisma\/index.php\/wp-json\/wp\/v2\/product\/5325\/revisions"}],"predecessor-version":[{"id":5939,"href":"https:\/\/estacaoindoor.com.br\/prisma\/index.php\/wp-json\/wp\/v2\/product\/5325\/revisions\/5939"}],"wp:featuredmedia":[{"embeddable":true,"href":"https:\/\/estacaoindoor.com.br\/prisma\/index.php\/wp-json\/wp\/v2\/media\/5938"}],"wp:attachment":[{"href":"https:\/\/estacaoindoor.com.br\/prisma\/index.php\/wp-json\/wp\/v2\/media?parent=5325"}],"wp:term":[{"taxonomy":"product_cat","embeddable":true,"href":"https:\/\/estacaoindoor.com.br\/prisma\/index.php\/wp-json\/wp\/v2\/product_cat?post=5325"},{"taxonomy":"product_tag","embeddable":true,"href":"https:\/\/estacaoindoor.com.br\/prisma\/index.php\/wp-json\/wp\/v2\/product_tag?post=5325"}],"curies":[{"name":"wp","href":"https:\/\/api.w.org\/{rel}","templated":true}]}}