{"id":5332,"date":"2024-03-21T14:32:43","date_gmt":"2024-03-21T14:32:43","guid":{"rendered":"https:\/\/estacaoindoor.com.br\/prisma\/?post_type=product&#038;p=5332"},"modified":"2024-03-22T01:00:03","modified_gmt":"2024-03-22T04:00:03","slug":"rode-wireless-go2-sistema-microfone-sem-fio-duplo-compacto","status":"publish","type":"product","link":"https:\/\/estacaoindoor.com.br\/prisma\/index.php\/produto\/rode-wireless-go2-sistema-microfone-sem-fio-duplo-compacto\/","title":{"rendered":"Rode Wireless Go(2) Sistema Microfone Sem Fio Duplo Compacto"},"content":{"rendered":"<p>Rode Wireless GOII<\/p>\n<p>Sistema<br \/>\nTransmiss\u00e3o Sem Fio: 2.4ghz Wireless Digital<br \/>\nTransmissores Inclu\u00eddos: 2x Bodypack com microfone<br \/>\nFaixa de Opera\u00e7\u00e3o M\u00e1xima: 200 metros<br \/>\nMax Systems por configura\u00e7\u00e3o: 4<br \/>\nSuporte Controle via App: sim<br \/>\nLat\u00eancia: 3.5 a 4 ms<br \/>\nEncripta\u00e7\u00e3o: 128 bits<\/p>\n<p>Receptor<br \/>\nFator de forma: Beltpack<br \/>\nOp\u00e7\u00f5es de montagem: Clipe de Cinto (com Hardware Inclu\u00eddo)<br \/>\nN\u00famero de canais de \u00e1udio: 2<br \/>\nEntrada e Sa\u00edda de \u00e1udio: 3.5mm (1\/8) TRS Sa\u00edda F\u00eamea do Microfone<br \/>\nGain Range: -24 a 0 dB (12 dB Steps)<br \/>\nN\u00edvel de sa\u00edda de \u00e1udio: +3 dBu<br \/>\nPorta USB: USB Type-C (poder de barramento, carregamento)<br \/>\nRequerimentos Energia: Bateria ou Conector USB<br \/>\nTipo de Bateria: Interna Recarreg\u00e1vel (inclu\u00eddo)<br \/>\nTempo de carregamento da bateria: 2 horas<br \/>\nAprox. Vida da bateria: 7 horas<br \/>\nDisplay e indicadores: LCD gr\u00e1fico (n\u00edvel de AF, status da bateria, medi\u00e7\u00e3o, n\u00edvel de RF, status da bateria do transmissor)<br \/>\nDimens\u00f5es: 4.4 x 4.5 x 1.8 cm<br \/>\nPeso: 32g<\/p>\n<p>Transmissor<br \/>\nFator de forma: Bodypack com Microfone Interno<br \/>\nEntrada e Sa\u00edda de \u00e1udio: 3.5mm (1\/8) TRSS Entrada F\u00eamea<br \/>\nMudo: Chave liga \/ desliga<br \/>\nResposta de Frequ\u00eancia: 20 Hz a 20 kHz (dependendo do microfone)<br \/>\nN\u00edvel de entrada de \u00e1udio: -20 dBV (m\u00e1x.)<br \/>\nGanho de alcance: +20 dB<br \/>\nRequerimentos Energia: Bateria ou Conector USB<br \/>\nTipo de Bateria: Interna Recarreg\u00e1vel (inclu\u00eddo)<br \/>\nTempo de carregamento da bateria: 2 horas<br \/>\nAprox. Vida da bateria: 7 horas<br \/>\nPorta USB: USB Type-C (poder de barramento, carregamento)<br \/>\nDisplay e indicadores: LED (Sync) e LED (status da bateria)<br \/>\nDimens\u00f5es: 4.4 x 4.5 x 1.8 cm<br \/>\nPeso: 30g<\/p>\n<p>Microfone Interno<br \/>\nFator de forma: Integrado<br \/>\nCampo sonoro: Mono<br \/>\nPrinc\u00edpio de funcionamento: Press\u00e3o Operada<br \/>\nPadr\u00e3o polar: Omnidirecional<br \/>\nAlcance de frequ\u00eancia: 50Hz a 20kHz<br \/>\nN\u00edvel de Ru\u00eddo Equivalente: 22 dB Pondera\u00e7\u00e3o A<br \/>\nSPL m\u00e1ximo: 100 dB SPL<\/p>\n<p>Itens Inclusos:<br \/>\nSistema e Gravador Rode Wireless GO II<br \/>\n2x Transmissores Sem Fio com Clip<br \/>\nReceptor Sem Fio de Duplo Canal<br \/>\n3x Cabos Rode SC20 USB-A (Type-A) para USB-C (Type-C)<br \/>\nCabo Rode SC5 TRS 3.5mm<br \/>\n3x DeadCat Windshields Peludos<br \/>\nBolsa de armazenamento<\/p>\n<p>&#8211; PRODUTO ORIGINAL E LACRADO<br \/>\n&#8211; ENVIO IMEDIATO<\/p>\n<p>Garantia do vendedor: 3 meses<\/p>\n","protected":false},"excerpt":{"rendered":"<p>Rode Wireless GOII Sistema Transmiss\u00e3o Sem Fio: 2.4ghz Wireless Digital Transmissores Inclu\u00eddos: 2x Bodypack com microfone Faixa de Opera\u00e7\u00e3o M\u00e1xima: 200 metros Max Systems por configura\u00e7\u00e3o: 4 Suporte Controle via App: sim Lat\u00eancia: 3.5 a 4 ms Encripta\u00e7\u00e3o: 128 bits Receptor Fator de forma: Beltpack Op\u00e7\u00f5es de montagem: Clipe de Cinto (com Hardware Inclu\u00eddo) N\u00famero [&hellip;]<\/p>\n","protected":false},"featured_media":5877,"comment_status":"open","ping_status":"closed","template":"","meta":[],"product_cat":[15],"product_tag":[],"class_list":{"0":"post-5332","1":"product","2":"type-product","3":"status-publish","4":"has-post-thumbnail","6":"product_cat-sem-categoria","8":"first","9":"instock","10":"shipping-taxable","11":"purchasable","12":"product-type-simple"},"jetpack_sharing_enabled":true,"_links":{"self":[{"href":"https:\/\/estacaoindoor.com.br\/prisma\/index.php\/wp-json\/wp\/v2\/product\/5332","targetHints":{"allow":["GET"]}}],"collection":[{"href":"https:\/\/estacaoindoor.com.br\/prisma\/index.php\/wp-json\/wp\/v2\/product"}],"about":[{"href":"https:\/\/estacaoindoor.com.br\/prisma\/index.php\/wp-json\/wp\/v2\/types\/product"}],"replies":[{"embeddable":true,"href":"https:\/\/estacaoindoor.com.br\/prisma\/index.php\/wp-json\/wp\/v2\/comments?post=5332"}],"version-history":[{"count":1,"href":"https:\/\/estacaoindoor.com.br\/prisma\/index.php\/wp-json\/wp\/v2\/product\/5332\/revisions"}],"predecessor-version":[{"id":5879,"href":"https:\/\/estacaoindoor.com.br\/prisma\/index.php\/wp-json\/wp\/v2\/product\/5332\/revisions\/5879"}],"wp:featuredmedia":[{"embeddable":true,"href":"https:\/\/estacaoindoor.com.br\/prisma\/index.php\/wp-json\/wp\/v2\/media\/5877"}],"wp:attachment":[{"href":"https:\/\/estacaoindoor.com.br\/prisma\/index.php\/wp-json\/wp\/v2\/media?parent=5332"}],"wp:term":[{"taxonomy":"product_cat","embeddable":true,"href":"https:\/\/estacaoindoor.com.br\/prisma\/index.php\/wp-json\/wp\/v2\/product_cat?post=5332"},{"taxonomy":"product_tag","embeddable":true,"href":"https:\/\/estacaoindoor.com.br\/prisma\/index.php\/wp-json\/wp\/v2\/product_tag?post=5332"}],"curies":[{"name":"wp","href":"https:\/\/api.w.org\/{rel}","templated":true}]}}