{"id":5360,"date":"2024-03-21T14:49:17","date_gmt":"2024-03-21T14:49:17","guid":{"rendered":"https:\/\/estacaoindoor.com.br\/prisma\/?post_type=product&#038;p=5360"},"modified":"2024-03-21T18:11:47","modified_gmt":"2024-03-21T21:11:47","slug":"microfones-lyco-uh08-mm-dinamico","status":"publish","type":"product","link":"https:\/\/estacaoindoor.com.br\/prisma\/index.php\/produto\/microfones-lyco-uh08-mm-dinamico\/","title":{"rendered":"Microfones Lyco Uh08-mm Din\u00e2mico"},"content":{"rendered":"<p>Com os microfones da Lyco voc\u00ea vai descobrir uma nova maneira de capturar e transmitir \u00e1udios.<\/p>\n<p>Reflex\u00e3o fiel da realidade<br \/>\nProjetado para amortecer os choques e ru\u00eddos de manipula\u00e7\u00e3o. Totalmente din\u00e2mico, basta conect\u00e1-lo e come\u00e7ar a gravar.<\/p>\n<p>Um formato que combina com voc\u00ea<br \/>\nSeu dinamismo o torna ideal para vocalistas e instrumentos. \u00c9 leve e se encaixa em todos os tipos de p\u00e9s ou suportes. Sem necessidade de fonte de alimenta\u00e7\u00e3o, ele lhe oferecer\u00e1 um alto grau de autonomia para usos externos e tamb\u00e9m internos.<\/p>\n","protected":false},"excerpt":{"rendered":"<p>Com os microfones da Lyco voc\u00ea vai descobrir uma nova maneira de capturar e transmitir \u00e1udios. Reflex\u00e3o fiel da realidade Projetado para amortecer os choques e ru\u00eddos de manipula\u00e7\u00e3o. Totalmente din\u00e2mico, basta conect\u00e1-lo e come\u00e7ar a gravar. Um formato que combina com voc\u00ea Seu dinamismo o torna ideal para vocalistas e instrumentos. \u00c9 leve e [&hellip;]<\/p>\n","protected":false},"featured_media":5623,"comment_status":"open","ping_status":"closed","template":"","meta":[],"product_cat":[28],"product_tag":[],"class_list":{"0":"post-5360","1":"product","2":"type-product","3":"status-publish","4":"has-post-thumbnail","6":"product_cat-microfones","8":"first","9":"instock","10":"shipping-taxable","11":"purchasable","12":"product-type-simple"},"jetpack_sharing_enabled":true,"_links":{"self":[{"href":"https:\/\/estacaoindoor.com.br\/prisma\/index.php\/wp-json\/wp\/v2\/product\/5360","targetHints":{"allow":["GET"]}}],"collection":[{"href":"https:\/\/estacaoindoor.com.br\/prisma\/index.php\/wp-json\/wp\/v2\/product"}],"about":[{"href":"https:\/\/estacaoindoor.com.br\/prisma\/index.php\/wp-json\/wp\/v2\/types\/product"}],"replies":[{"embeddable":true,"href":"https:\/\/estacaoindoor.com.br\/prisma\/index.php\/wp-json\/wp\/v2\/comments?post=5360"}],"version-history":[{"count":0,"href":"https:\/\/estacaoindoor.com.br\/prisma\/index.php\/wp-json\/wp\/v2\/product\/5360\/revisions"}],"wp:featuredmedia":[{"embeddable":true,"href":"https:\/\/estacaoindoor.com.br\/prisma\/index.php\/wp-json\/wp\/v2\/media\/5623"}],"wp:attachment":[{"href":"https:\/\/estacaoindoor.com.br\/prisma\/index.php\/wp-json\/wp\/v2\/media?parent=5360"}],"wp:term":[{"taxonomy":"product_cat","embeddable":true,"href":"https:\/\/estacaoindoor.com.br\/prisma\/index.php\/wp-json\/wp\/v2\/product_cat?post=5360"},{"taxonomy":"product_tag","embeddable":true,"href":"https:\/\/estacaoindoor.com.br\/prisma\/index.php\/wp-json\/wp\/v2\/product_tag?post=5360"}],"curies":[{"name":"wp","href":"https:\/\/api.w.org\/{rel}","templated":true}]}}