{"id":5372,"date":"2024-03-21T14:51:33","date_gmt":"2024-03-21T14:51:33","guid":{"rendered":"https:\/\/estacaoindoor.com.br\/prisma\/?post_type=product&#038;p=5372"},"modified":"2024-03-21T18:08:41","modified_gmt":"2024-03-21T21:08:41","slug":"micro-conversor-blackmagic-hdmi-para-sdi-3g","status":"publish","type":"product","link":"https:\/\/estacaoindoor.com.br\/prisma\/index.php\/produto\/micro-conversor-blackmagic-hdmi-para-sdi-3g\/","title":{"rendered":"Micro Conversor Blackmagic Hdmi Para Sdi 3g"},"content":{"rendered":"<p>Super compacto e robusto, o Micro Conversor HDMI para SDI 3G da Blackmagic Design permite conectar c\u00e2meras ou computadores HDMI a monitores ou componentes SDI (BNC) de estilo profissional. Voc\u00ea tamb\u00e9m pode usar v\u00e1rias unidades para estender o HDMI por longas dist\u00e2ncias usando o cabo SDI. Este conversor compacto tem uma entrada HDMI e duas sa\u00eddas 3G-SD\/HD\/SDI que podem ser configuradas para N\u00edvel A ou B.<\/p>\n<p>O Micro Conversor HDMI para SDI 3G detecta automaticamente e combina sua entrada HDMI com a sa\u00edda SDI e \u00e9 compat\u00edvel com resolu\u00e7\u00f5es de entrada\/sa\u00edda de at\u00e9 1080p60. Al\u00e9m disso, o Micro Converter HDMI x SDI 3G possui suporte a timecode HDMI, re-clocking SDI para estabilidade em cabos longos e suporte para uma ampla variedade de resolu\u00e7\u00f5es de transmiss\u00e3o profissional, incluindo 48fps no estilo cine.<\/p>\n<p>Este Micro Conversor Blackmagic HDMI para SDI 3G (Com Fonte) possui uma carca\u00e7a de metal resistente com indicadores de status de LED de energia e sinal e interfaces de conector robustas. Uma porta USB tipo C permite que o conversor HDMI para SDI 3G se conecte facilmente e seja alimentado por monitores de tela grande, laptops, computadores de mesa ou projetores. Voc\u00ea tamb\u00e9m pode alimentar este conversor usando a Fonte de Alimenta\u00e7\u00e3o bivolt inclu\u00edda, completa com quatro adaptadores de soquete internacionais.<\/p>\n<p>Sa\u00eddas SDI Duplas<br \/>\n\u2022 Uma entrada HDMI<br \/>\n\u2022 Duas sa\u00eddas 3G-SDI<br \/>\n\u2022 Formatos selecion\u00e1veis de n\u00edvel A e B<\/p>\n<p>Design compacto e robusto<br \/>\n\u2022 Corpo de metal robusta e conectores robustos<br \/>\n\u2022 Porta 3G-SD\/HD\/SDI para alimenta\u00e7\u00e3o por meio de um componente compat\u00edvel, como um monitor ou laptop<br \/>\n\u2022 Atualiz\u00e1vel via porta USB-C (Type-C) e seu Mac ou PC<\/p>\n<p>Timecode SDI e HDMI<br \/>\n\u2022 Suporte para timecode HD e SD<br \/>\n\u2022 Converte o timecode HDMI em SDI<\/p>\n<p>Re-Clocking SDI<br \/>\n\u2022 O Re-Clocking integrado na sa\u00edda 3G-SDI permite uma sa\u00edda est\u00e1vel em cabos mais longos<br \/>\n\u2022 Compat\u00edvel com SMPTE 259M\/292M\/296M\/424M\/425M n\u00edvel A e B<\/p>\n<p>Suporte de resolu\u00e7\u00e3o mais amplo<br \/>\n\u2022 Suporte SDI de NTSC e PAL at\u00e9 DCI 2Kp60<br \/>\n\u2022 Suporte HDMI de NTSC e PAL at\u00e9 1080p60<\/p>\n<p>\u00c1udio Integrado<br \/>\n\u2022 Suporta entrada HDMI integrada e sa\u00edda SDI integrada<\/p>\n<p>Indicadores LED<br \/>\n\u2022 Indicadores LED para sinais de v\u00eddeo e energia<\/p>\n<p>Op\u00e7\u00f5es de energia vers\u00e1teis<br \/>\n\u2022 Energia de um monitor, laptop ou outro componente usando a porta USB-C (Type-C)<br \/>\n\u2022 Inclui uma Fonte de Alimenta\u00e7\u00e3o Bivolt com quatro adaptadores de soquete<\/p>\n<p>Especifica\u00e7\u00f5es Micro Converter Blackmagic Design<br \/>\nRefer\u00eancia: CONVCMIC\/SH03G\/WPSU<\/p>\n<p>Entrada<br \/>\nConectores de entrada de v\u00eddeo: 1x HDMI (HDMI 2.0)<\/p>\n<p>Formato de entrada de v\u00eddeo:<br \/>\n1080p: 23.98\/24\/25\/29.97\/30\/47.95\/48\/50\/59.94\/60fps<br \/>\n1080i: 50\/59.94\/60fps<br \/>\n720p: 50\/59.94\/60fps<br \/>\nNTSC: 29.97fps<br \/>\nPAL: 25fps<\/p>\n<p>Entrada de \u00e1udio embutida: HDMI<\/p>\n<p>Sa\u00eddas<br \/>\nConectores de sa\u00edda de v\u00eddeo: 2x BNC (3G-SDI \/ HD-SDI \/ SD-SDI)<\/p>\n<p>Formato de sa\u00edda de v\u00eddeo:<br \/>\nSDI (8\/10-Bit 4:2:2 RGB, YUV)<br \/>\nDCI 2K: 23.98\/24\/25\/29.97\/30\/47.95\/48\/50\/59.94\/60fps<br \/>\nDCI 2KPsF: 25\/29.97\/30fps<br \/>\n1080p: 23.98\/24\/25\/29.97\/30\/47.95\/48\/50\/59.94\/60fps<br \/>\n1080PsF: 25\/29.97\/30fps<br \/>\n1080i: 50\/59.94\/60fps<br \/>\n720p: 50\/59.94\/60fps<br \/>\nNTSC: 29.97fps<br \/>\nPAL (768 x 576): 25fps<\/p>\n<p>Conectores de sa\u00edda de \u00e1udio: Nenhum<br \/>\nSa\u00edda de \u00e1udio embutida: SDI<\/p>\n<p>Padr\u00f5es<br \/>\nConformidade com o padr\u00e3o de v\u00eddeo: SMPTE 259M\/292M\/296M\/424M\/425M<br \/>\nSuporte HDCP: Vers\u00e3o 2.2<\/p>\n<p>Conectividade<br \/>\nEntrada \/ Sa\u00edda: USB tipo C<br \/>\nSlots de expans\u00e3o: Nenhum<\/p>\n<p>Hardware<br \/>\nCompatibilidade do sistema operacional: macOS 10.14.15 ou posterior \/ Windows 10<\/p>\n<p>Energia<br \/>\nConector Energia: entrada USB-C Type-C (4.4 a 5.2 VDC)<br \/>\nConsumo de energia: 2 W<\/p>\n<p>Ambiental<br \/>\nTemperatura de opera\u00e7\u00e3o: 32 a 104\u00b0F \/ 0 a 40\u00b0C<br \/>\nTemperatura de armazenamento: -4 a 140\u00b0F \/ -20 a 60\u00b0C<br \/>\nUmidade Operacional: 0 a 90%<\/p>\n<p>Geral<br \/>\nDimens\u00f5es: 76.45 x 45.7 x 24.89mm<br \/>\nPeso: 150g<\/p>\n<p>Itens Inclusos:<br \/>\nMicro Conversor Blackmagic HDMI para SDI 3G<br \/>\nFonte de Alimenta\u00e7\u00e3o 100-240V (Bivolt)<\/p>\n<p>&#8211; Nossos conversores n\u00e3o acompanham fonte!<\/p>\n<p>Garantia do vendedor: 3 meses<\/p>\n","protected":false},"excerpt":{"rendered":"<p>Super compacto e robusto, o Micro Conversor HDMI para SDI 3G da Blackmagic Design permite conectar c\u00e2meras ou computadores HDMI a monitores ou componentes SDI (BNC) de estilo profissional. Voc\u00ea tamb\u00e9m pode usar v\u00e1rias unidades para estender o HDMI por longas dist\u00e2ncias usando o cabo SDI. Este conversor compacto tem uma entrada HDMI e duas [&hellip;]<\/p>\n","protected":false},"featured_media":5620,"comment_status":"open","ping_status":"closed","template":"","meta":[],"product_cat":[32],"product_tag":[],"class_list":{"0":"post-5372","1":"product","2":"type-product","3":"status-publish","4":"has-post-thumbnail","6":"product_cat-conversores-de-audio-e-video","8":"first","9":"instock","10":"shipping-taxable","11":"purchasable","12":"product-type-simple"},"jetpack_sharing_enabled":true,"_links":{"self":[{"href":"https:\/\/estacaoindoor.com.br\/prisma\/index.php\/wp-json\/wp\/v2\/product\/5372","targetHints":{"allow":["GET"]}}],"collection":[{"href":"https:\/\/estacaoindoor.com.br\/prisma\/index.php\/wp-json\/wp\/v2\/product"}],"about":[{"href":"https:\/\/estacaoindoor.com.br\/prisma\/index.php\/wp-json\/wp\/v2\/types\/product"}],"replies":[{"embeddable":true,"href":"https:\/\/estacaoindoor.com.br\/prisma\/index.php\/wp-json\/wp\/v2\/comments?post=5372"}],"version-history":[{"count":0,"href":"https:\/\/estacaoindoor.com.br\/prisma\/index.php\/wp-json\/wp\/v2\/product\/5372\/revisions"}],"wp:featuredmedia":[{"embeddable":true,"href":"https:\/\/estacaoindoor.com.br\/prisma\/index.php\/wp-json\/wp\/v2\/media\/5620"}],"wp:attachment":[{"href":"https:\/\/estacaoindoor.com.br\/prisma\/index.php\/wp-json\/wp\/v2\/media?parent=5372"}],"wp:term":[{"taxonomy":"product_cat","embeddable":true,"href":"https:\/\/estacaoindoor.com.br\/prisma\/index.php\/wp-json\/wp\/v2\/product_cat?post=5372"},{"taxonomy":"product_tag","embeddable":true,"href":"https:\/\/estacaoindoor.com.br\/prisma\/index.php\/wp-json\/wp\/v2\/product_tag?post=5372"}],"curies":[{"name":"wp","href":"https:\/\/api.w.org\/{rel}","templated":true}]}}