{"id":5377,"date":"2024-03-21T14:53:32","date_gmt":"2024-03-21T14:53:32","guid":{"rendered":"https:\/\/estacaoindoor.com.br\/prisma\/?post_type=product&#038;p=5377"},"modified":"2024-03-27T09:53:58","modified_gmt":"2024-03-27T12:53:58","slug":"blackmagic-atem-mini-extreme-iso","status":"publish","type":"product","link":"https:\/\/estacaoindoor.com.br\/prisma\/index.php\/produto\/blackmagic-atem-mini-extreme-iso\/","title":{"rendered":"Blackmagic Atem Mini Extreme Iso"},"content":{"rendered":"<div id=\"description\" class=\"ui-pdp-container__row ui-pdp-container__row--description\">\n<div class=\"ui-pdp-description\">\n<p class=\"ui-pdp-description__content\">O Blackmagic Design ATEM Mini Extreme ISO \u00e9 um switcher de produ\u00e7\u00e3o ao vivo de 8 entradas para streaming ao vivo. Possui um painel de controle integrado e recursos de transmiss\u00e3o avan\u00e7ados. Al\u00e9m de streaming ao vivo usando protocolos RTMP, voc\u00ea tamb\u00e9m pode enviar seu programa como se fosse uma webcam via USB. O r\u00f3tulo ISO do switch significa que voc\u00ea pode gravar individualmente cada um dos oito v\u00eddeos de entrada como um MP4, bem como a sa\u00edda do programa por meio de uma das portas USB Type-C. O switcher gera automaticamente um arquivo de projeto DaVinci Resolve, para que voc\u00ea possa limp\u00e1-lo e fazer altera\u00e7\u00f5es posteriormente. As oito entradas HDMI independentes deste switcher vers\u00e1til aceitam todos os sinais HD populares at\u00e9 1080p60. Cada entrada tem taxa de quadros discreta e conversores de formato, e suporta a ressincroniza\u00e7\u00e3o para alternar perfeitamente entre uma variedade de c\u00e2meras profissionais e de consumo, consoles de jogos e feeds de computador.<\/p>\n<p>Alterne, adicione efeitos, grau de cor e chave em tempo real usando os bot\u00f5es da superf\u00edcie de controle ou por meio do painel de controle do software. As fun\u00e7\u00f5es CCU est\u00e3o dispon\u00edveis para controlar as c\u00e2meras Blackmagic Studio e URSA Mini \/ Broadcast \/ Micro Studio a partir do switcher. O ATEM Mini Extreme ISO suporta at\u00e9 nove camadas, com quatro keyers upstream e dois downstream, at\u00e9 quatro keyers croma, at\u00e9 quatro keyers lineares, dois DVE com bordas e sombra projetada, cinco geradores de padr\u00e3o e dois geradores de cores. Projetado para streaming ao vivo ou webcam, o Mini Extreme ISO tem sa\u00eddas HDMI para alimentar monitores e suporta at\u00e9 16 telas m\u00faltiplas.<\/p>\n<p>&#8211; PRODUTO ORIGINAL E LACRADO<br \/>\n&#8211; ENVIO IMEDIATO<\/p>\n<\/div>\n<\/div>\n<div class=\"ui-vip-core-spot-middle\">\n<section class=\"ui-recommendations-carousel-wrapper-ref\">\n<div class=\"ui-recommendations-carousel-snapped ui-pdp-with--separator-top ui-pdp-with--separator-top--full mb-40 ui-pdp-with--separator ui-pdp-with--separator--full recos-override__card-vertical\">\n<div class=\"ui-recommendations-carousel-snapped__header\">\n<div class=\"ui-recommendations-carousel-snapped__header-titles\">\n<div class=\"ui-vpp-striped-specs\">\n<div class=\"ui-vpp-striped-specs__table\">\n<h3 class=\"ui-vpp-striped-specs__header\">Caracter\u00edsticas principais<\/h3>\n<table class=\"andes-table\">\n<tbody class=\"andes-table__body\">\n<tr class=\"andes-table__row ui-vpp-striped-specs__row\">\n<th class=\"andes-table__header andes-table__header--left ui-vpp-striped-specs__row__column ui-vpp-striped-specs__row__column--id\" scope=\"col\">\n<div class=\"andes-table__header__container\">Marca<\/div>\n<\/th>\n<td id=\":Radtat6l9hm:\" class=\"andes-table__column andes-table__column--left andes-table__column--vertical-align-center ui-vpp-striped-specs__row__column\" title=\"Blackmagic Design\"><span class=\"andes-table__column--value\">Blackmagic Design<\/span><\/td>\n<\/tr>\n<tr class=\"andes-table__row ui-vpp-striped-specs__row\">\n<th class=\"andes-table__header andes-table__header--left ui-vpp-striped-specs__row__column ui-vpp-striped-specs__row__column--id\" scope=\"col\">\n<div class=\"andes-table__header__container\">Modelo<\/div>\n<\/th>\n<td id=\":Raetat6l9hm:\" class=\"andes-table__column andes-table__column--left andes-table__column--vertical-align-center ui-vpp-striped-specs__row__column\" title=\"Atem Mini Extreme ISO\"><span class=\"andes-table__column--value\">Atem Mini Extreme ISO<\/span><\/td>\n<\/tr>\n<tr class=\"andes-table__row ui-vpp-striped-specs__row\">\n<th class=\"andes-table__header andes-table__header--left ui-vpp-striped-specs__row__column ui-vpp-striped-specs__row__column--id\" scope=\"col\">\n<div class=\"andes-table__header__container\">Tipo de cabo e adaptador<\/div>\n<\/th>\n<td id=\":Raftat6l9hm:\" class=\"andes-table__column andes-table__column--left andes-table__column--vertical-align-center ui-vpp-striped-specs__row__column\" title=\"HDMI\"><span class=\"andes-table__column--value\">HDMI<\/span><\/td>\n<\/tr>\n<\/tbody>\n<\/table>\n<p>&nbsp;<\/p>\n<\/div>\n<\/div>\n<div class=\"ui-vpp-striped-specs\">\n<div class=\"ui-vpp-striped-specs__table\">\n<h3 class=\"ui-vpp-striped-specs__header\">Outros<\/h3>\n<table class=\"andes-table\">\n<tbody class=\"andes-table__body\">\n<tr class=\"andes-table__row ui-vpp-striped-specs__row\">\n<th class=\"andes-table__header andes-table__header--left ui-vpp-striped-specs__row__column ui-vpp-striped-specs__row__column--id\" scope=\"col\">\n<div class=\"andes-table__header__container\">Tipo de produto<\/div>\n<\/th>\n<td id=\":Rkptit6l9hm:\" class=\"andes-table__column andes-table__column--left andes-table__column--vertical-align-center ui-vpp-striped-specs__row__column\" title=\"Cabo\"><span class=\"andes-table__column--value\">Cabo<\/span><\/td>\n<\/tr>\n<tr class=\"andes-table__row ui-vpp-striped-specs__row\">\n<th class=\"andes-table__header andes-table__header--left ui-vpp-striped-specs__row__column ui-vpp-striped-specs__row__column--id\" scope=\"col\">\n<div class=\"andes-table__header__container\">Quantidade de conectores de entrada<\/div>\n<\/th>\n<td id=\":Rkqtit6l9hm:\" class=\"andes-table__column andes-table__column--left andes-table__column--vertical-align-center ui-vpp-striped-specs__row__column\" title=\"8\"><span class=\"andes-table__column--value\">8<\/span><\/td>\n<\/tr>\n<tr class=\"andes-table__row ui-vpp-striped-specs__row\">\n<th class=\"andes-table__header andes-table__header--left ui-vpp-striped-specs__row__column ui-vpp-striped-specs__row__column--id\" scope=\"col\">\n<div class=\"andes-table__header__container\">Quantidade de conectores de sa\u00edda<\/div>\n<\/th>\n<td id=\":Rkrtit6l9hm:\" class=\"andes-table__column andes-table__column--left andes-table__column--vertical-align-center ui-vpp-striped-specs__row__column\" title=\"2\"><span class=\"andes-table__column--value\">2<\/span><\/td>\n<\/tr>\n<tr class=\"andes-table__row ui-vpp-striped-specs__row\">\n<th class=\"andes-table__header andes-table__header--left ui-vpp-striped-specs__row__column ui-vpp-striped-specs__row__column--id\" scope=\"col\">\n<div class=\"andes-table__header__container\">Conector de entrada<\/div>\n<\/th>\n<td id=\":Rkstit6l9hm:\" class=\"andes-table__column andes-table__column--left andes-table__column--vertical-align-center ui-vpp-striped-specs__row__column\" title=\"HDMI\"><span class=\"andes-table__column--value\">HDMI<\/span><\/td>\n<\/tr>\n<tr class=\"andes-table__row ui-vpp-striped-specs__row\">\n<th class=\"andes-table__header andes-table__header--left ui-vpp-striped-specs__row__column ui-vpp-striped-specs__row__column--id\" scope=\"col\">\n<div class=\"andes-table__header__container\">Conector de sa\u00edda<\/div>\n<\/th>\n<td id=\":Rkttit6l9hm:\" class=\"andes-table__column andes-table__column--left andes-table__column--vertical-align-center ui-vpp-striped-specs__row__column\" title=\"HDMI\"><span class=\"andes-table__column--value\">HDMI<\/span><\/td>\n<\/tr>\n<\/tbody>\n<\/table>\n<\/div>\n<\/div>\n<\/div>\n<\/div>\n<\/div>\n<\/section>\n<\/div>\n","protected":false},"excerpt":{"rendered":"<p>O Blackmagic Design ATEM Mini Extreme ISO \u00e9 um switcher de produ\u00e7\u00e3o ao vivo de 8 entradas para streaming ao vivo. Possui um painel de controle integrado e recursos de transmiss\u00e3o avan\u00e7ados. Al\u00e9m de streaming ao vivo usando protocolos RTMP, voc\u00ea tamb\u00e9m pode enviar seu programa como se fosse uma webcam via USB. O r\u00f3tulo [&hellip;]<\/p>\n","protected":false},"featured_media":5616,"comment_status":"open","ping_status":"closed","template":"","meta":[],"product_cat":[29],"product_tag":[],"class_list":{"0":"post-5377","1":"product","2":"type-product","3":"status-publish","4":"has-post-thumbnail","6":"product_cat-acessorios-para-audio-e-video","8":"first","9":"instock","10":"shipping-taxable","11":"purchasable","12":"product-type-simple"},"jetpack_sharing_enabled":true,"_links":{"self":[{"href":"https:\/\/estacaoindoor.com.br\/prisma\/index.php\/wp-json\/wp\/v2\/product\/5377","targetHints":{"allow":["GET"]}}],"collection":[{"href":"https:\/\/estacaoindoor.com.br\/prisma\/index.php\/wp-json\/wp\/v2\/product"}],"about":[{"href":"https:\/\/estacaoindoor.com.br\/prisma\/index.php\/wp-json\/wp\/v2\/types\/product"}],"replies":[{"embeddable":true,"href":"https:\/\/estacaoindoor.com.br\/prisma\/index.php\/wp-json\/wp\/v2\/comments?post=5377"}],"version-history":[{"count":1,"href":"https:\/\/estacaoindoor.com.br\/prisma\/index.php\/wp-json\/wp\/v2\/product\/5377\/revisions"}],"predecessor-version":[{"id":6022,"href":"https:\/\/estacaoindoor.com.br\/prisma\/index.php\/wp-json\/wp\/v2\/product\/5377\/revisions\/6022"}],"wp:featuredmedia":[{"embeddable":true,"href":"https:\/\/estacaoindoor.com.br\/prisma\/index.php\/wp-json\/wp\/v2\/media\/5616"}],"wp:attachment":[{"href":"https:\/\/estacaoindoor.com.br\/prisma\/index.php\/wp-json\/wp\/v2\/media?parent=5377"}],"wp:term":[{"taxonomy":"product_cat","embeddable":true,"href":"https:\/\/estacaoindoor.com.br\/prisma\/index.php\/wp-json\/wp\/v2\/product_cat?post=5377"},{"taxonomy":"product_tag","embeddable":true,"href":"https:\/\/estacaoindoor.com.br\/prisma\/index.php\/wp-json\/wp\/v2\/product_tag?post=5377"}],"curies":[{"name":"wp","href":"https:\/\/api.w.org\/{rel}","templated":true}]}}