{"id":5397,"date":"2024-03-21T15:02:05","date_gmt":"2024-03-21T15:02:05","guid":{"rendered":"https:\/\/estacaoindoor.com.br\/prisma\/?post_type=product&#038;p=5397"},"modified":"2024-03-27T10:27:46","modified_gmt":"2024-03-27T13:27:46","slug":"ring-light-iluminador-portatil-46cm-tomate-tripe-2m-c-sacola-preto-110v-220v","status":"publish","type":"product","link":"https:\/\/estacaoindoor.com.br\/prisma\/index.php\/produto\/ring-light-iluminador-portatil-46cm-tomate-tripe-2m-c-sacola-preto-110v-220v\/","title":{"rendered":"Ring Light Iluminador Port\u00e1til 46cm Tomate Trip\u00e9"},"content":{"rendered":"<h2 class=\"ui-pdp-description__title\">Descri\u00e7\u00e3o<\/h2>\n<p class=\"ui-pdp-description__content\">RODUTO ORIGINAL TOMATE COM SACOLA E TRIP\u00c9.<\/p>\n<p>O Ring light Iluminador de 46 cms (18 pol.) a qualidade e praticidade est\u00e1 presente nesse produto.<br \/>\nCom controle para controlar a lumin\u00e1ria de led.<\/p>\n<p>\u00c9 um Iluminador Profissional com tecnologia LED, ideal<br \/>\npara fotografia, v\u00eddeo, fotografia odontol\u00f3gica, maquiagem e est\u00e9tica.<br \/>\nSe adapta a qualquer necessidade de ilumina\u00e7\u00e3o, luz linear e sem sombras.<br \/>\nESTAMOS A MAIS DE 20 ANOS NO MERCADO.<\/p>\n<p>Descri\u00e7\u00f5es gerais:<br \/>\nProduzidos com tubos de alum\u00ednio anodizado de alta qualidade.<br \/>\nPossui haste 03 se\u00e7\u00f5es.<br \/>\nPossui rosca UNC \u00d8 3\/8&#8242; (9,52mm).<br \/>\nProduto Nacional REFOR\u00c7ADO E COM EXCELENTE ACABAMENTO.<\/p>\n<p>Conte\u00fado da embalagem:<\/p>\n<p>&#8211; 1 Iluminador (ANEL) Led Ring Light Bicolor GRANDE 46 CMS (18 POL), com controle de intensidade de luz e cor.<br \/>\n&#8211; 1 Trip\u00e9 \u2013 regul\u00e1vel altura de at\u00e9 2mts (fechado 70 cms).<br \/>\n&#8211; 1 Suporte para Smartphone<br \/>\n&#8211; 1 Cabe\u00e7a tipo Ball-Head com rosca macho 1\/4&#8242; (6,35mm) para c\u00e2meras DSLR e compactas<br \/>\n&#8211; 1 Controle remoto para configura led dele.<\/p>\n<p>Especifica\u00e7\u00f5es:<br \/>\nL\u00famens &#8211; 4900<br \/>\nVoltagem: 110V\/220V<br \/>\nDi\u00e2metro interno &#8211; (36cm).<br \/>\nPeso &#8211; 0,75Kg.<\/p>\n<p>&#8211; Trip\u00e9 em alum\u00ednio c\/bolsa.<br \/>\nAltura Min.: 70CM<br \/>\nAltura Max.: 2 M.<br \/>\nPeso: 1,000 Kg.<br \/>\nAbertura dos p\u00e9s: 0,83 cm.<\/p>\n<p>VANTAGENS DESSE RING LIGHT.<\/p>\n<p>&#8211; Permite usar o celular na Vertical e horizontal.<br \/>\n&#8211; Este iluminador proporciona praticidade e alta qualidade na captura de imagens pois, \u00e9 poss\u00edvel ajustar a pot\u00eancia e temperatura da luz de acordo com a necessidade.<\/p>\n<p>Baixo aquecimento e consumo.<br \/>\nPossibilita inclina\u00e7\u00e3o de 0\u00ba \u00e0 90\u00ba.<br \/>\nN\u00e3o necessita filtro de cor.<br \/>\nCompacto, leve e f\u00e1cil para transportar.<\/p>\n<p>COM DOIS CONTROLES REMOTOS<\/p>\n<p>COM TRIPE ATE 2M<\/p>\n<p>Possui potenci\u00f4metro para ajuste linear da temperatura de cor possibilitando ajuste de 2700K \u00e0 5500K, n\u00e3o necessita de filtros pois o ajuste da luz se d\u00e1 atrav\u00e9s dos leds.<br \/>\nPossui potenci\u00f4metro para ajuste linear da intensidade do brilho da luz (Pot\u00eancia) possibilitando o ajuste de 0 \u00e1 100%.<br \/>\nOs ajustes s\u00e3o independentes um do outro, poder\u00e1 ajustar a pot\u00eancia e temperatura de luz desejada (Quente ou Fria).<\/p>\n<p>Este iluminador proporciona praticidade e alta qualidade na captura de imagens pois, \u00e9 poss\u00edvel ajustar a pot\u00eancia e temperatura da luz de acordo com a necessidade.<\/p>\n<p>Caracter\u00edsticas:<br \/>\nBaixo aquecimento e consumo<br \/>\nTemperatura de cor de 2700K \u00e0 5500K (Vari\u00e1vel).<br \/>\nPotenci\u00f4metro 01 para ajuste de pot\u00eancia<br \/>\nPotenci\u00f4metro 02 para ajuste de cor<br \/>\nSuporte articul\u00e1vel e girat\u00f3rio com encaixe para pino 5\/8&#8242; (15,88mm). Possibilita inclina\u00e7\u00e3o de 0\u00ba \u00e0 90\u00ba.<\/p>\n","protected":false},"excerpt":{"rendered":"<p>Descri\u00e7\u00e3o RODUTO ORIGINAL TOMATE COM SACOLA E TRIP\u00c9. O Ring light Iluminador de 46 cms (18 pol.) a qualidade e praticidade est\u00e1 presente nesse produto. Com controle para controlar a lumin\u00e1ria de led. \u00c9 um Iluminador Profissional com tecnologia LED, ideal para fotografia, v\u00eddeo, fotografia odontol\u00f3gica, maquiagem e est\u00e9tica. Se adapta a qualquer necessidade de [&hellip;]<\/p>\n","protected":false},"featured_media":5601,"comment_status":"open","ping_status":"closed","template":"","meta":[],"product_cat":[33],"product_tag":[],"class_list":{"0":"post-5397","1":"product","2":"type-product","3":"status-publish","4":"has-post-thumbnail","6":"product_cat-iluminadores","8":"first","9":"instock","10":"shipping-taxable","11":"purchasable","12":"product-type-simple"},"jetpack_sharing_enabled":true,"_links":{"self":[{"href":"https:\/\/estacaoindoor.com.br\/prisma\/index.php\/wp-json\/wp\/v2\/product\/5397","targetHints":{"allow":["GET"]}}],"collection":[{"href":"https:\/\/estacaoindoor.com.br\/prisma\/index.php\/wp-json\/wp\/v2\/product"}],"about":[{"href":"https:\/\/estacaoindoor.com.br\/prisma\/index.php\/wp-json\/wp\/v2\/types\/product"}],"replies":[{"embeddable":true,"href":"https:\/\/estacaoindoor.com.br\/prisma\/index.php\/wp-json\/wp\/v2\/comments?post=5397"}],"version-history":[{"count":1,"href":"https:\/\/estacaoindoor.com.br\/prisma\/index.php\/wp-json\/wp\/v2\/product\/5397\/revisions"}],"predecessor-version":[{"id":6067,"href":"https:\/\/estacaoindoor.com.br\/prisma\/index.php\/wp-json\/wp\/v2\/product\/5397\/revisions\/6067"}],"wp:featuredmedia":[{"embeddable":true,"href":"https:\/\/estacaoindoor.com.br\/prisma\/index.php\/wp-json\/wp\/v2\/media\/5601"}],"wp:attachment":[{"href":"https:\/\/estacaoindoor.com.br\/prisma\/index.php\/wp-json\/wp\/v2\/media?parent=5397"}],"wp:term":[{"taxonomy":"product_cat","embeddable":true,"href":"https:\/\/estacaoindoor.com.br\/prisma\/index.php\/wp-json\/wp\/v2\/product_cat?post=5397"},{"taxonomy":"product_tag","embeddable":true,"href":"https:\/\/estacaoindoor.com.br\/prisma\/index.php\/wp-json\/wp\/v2\/product_tag?post=5397"}],"curies":[{"name":"wp","href":"https:\/\/api.w.org\/{rel}","templated":true}]}}