{"id":5451,"date":"2024-03-21T15:21:37","date_gmt":"2024-03-21T15:21:37","guid":{"rendered":"https:\/\/estacaoindoor.com.br\/prisma\/?post_type=product&#038;p=5451"},"modified":"2024-03-22T00:33:46","modified_gmt":"2024-03-22T03:33:46","slug":"atem-mini-pro-iso-blackmagic-design-switcher-hdmi","status":"publish","type":"product","link":"https:\/\/estacaoindoor.com.br\/prisma\/index.php\/produto\/atem-mini-pro-iso-blackmagic-design-switcher-hdmi\/","title":{"rendered":"Atem Mini Pro Iso Blackmagic Design Switcher Hdmi"},"content":{"rendered":"<p>Semelhante ao seu antecessor, o ATEM Mini Pro, o ATEM Mini Pro ISO da Blackmagic Design \u00e9 um switcher de produ\u00e7\u00e3o ao vivo de quatro entradas com um painel de controle integrado projetado para transmiss\u00e3o ao vivo multic\u00e2mera para v\u00eddeo HD para a Internet ou aplicativos de transmiss\u00e3o de consoles de jogos, computador corporativo streams ou c\u00e2meras HD<\/p>\n<p>A ATEM Mini Pro ISO mant\u00e9m a mesma configura\u00e7\u00e3o do painel traseiro em que quatro entradas HDMI est\u00e3o dispon\u00edveis na parte traseira do chassi e eles fornecem entrada de v\u00eddeo HD de at\u00e9 1080p. H\u00e1 tamb\u00e9m uma sa\u00edda HDMI para um projetor ou monitoramento multiview, uma sa\u00edda USB Type-C para grava\u00e7\u00e3o de v\u00eddeo HD em um computador e uma porta Ethernet RJ45 10\/100\/1000 para streaming ao vivo direto, bem como gerenciamento de sistema, controle remoto e atualiza\u00e7\u00f5es. Voc\u00ea pode ajustar a taxa de quadros dependendo da qualidade do seu stream, e n\u00e3o h\u00e1 necessidade de software de streaming adicional porque o Pro ISO inclui um codificador de hardware embutido.<\/p>\n<p>O modelo ATEM Mini Pro ISO permite que que voc\u00ea edite seus eventos ao vivo porque \u00e9 capaz de gravar m\u00faltiplos fluxos de v\u00eddeo, incluindo alimenta\u00e7\u00f5es limpas de todas as entradas e a grava\u00e7\u00e3o do programa, tudo ao mesmo tempo.<\/p>\n<p>Imagine reeditar seu programa com novos tratamentos de cores, efeitos e gr\u00e1ficos. At\u00e9 as fontes de \u00e1udio s\u00e3o gravadas, portanto voc\u00ea pode remixar o som profissionalmente.<\/p>\n<p>RECURSOS A MAIS DA ATEM MINI PRO ISO EM RELA\u00c7\u00c3O A ATEM MINI PRO:<\/p>\n<p>Atem Mini PRO:<\/p>\n<p>Grava\u00e7\u00e3o de at\u00e9 cinco fluxos de v\u00eddeo H.264 em tempo real<\/p>\n<p>Um arquivo de projeto DaVinci Resolve tamb\u00e9m \u00e9 salvo para que voc\u00ea possa abrir sua produ\u00e7\u00e3o ao vivo e ajustar edi\u00e7\u00f5es, remixar o som e adicionar corre\u00e7\u00e3o de cores.<\/p>\n<p>Especifica\u00e7\u00f5es T\u00e9cnicas:<\/p>\n<p>Entradas:<\/p>\n<p>4 x HDMI Type A<\/p>\n<p>2 x 3.5 mm Stereo Analog Audio<\/p>\n<p>1 x RJ45 Ethernet<\/p>\n<p>Sa\u00eddas:<\/p>\n<p>1x HDMI<\/p>\n<p>1x RJ45<\/p>\n<p>1x USB-C<\/p>\n<p>SENDO:<\/p>\n<p>HDMI \/ RJ45 (10-Bit 4:2:2 YUV)<\/p>\n<p>1080p: 23.98\/24\/25\/29.97\/30\/50\/59.94\/60 fps<\/p>\n<p>1 x USB Type-C (Computer\/Webcam)<\/p>\n<p>1 x RJ45 LAN, Sync, Tally, Timecode, Firmware, Controle de Entrada \/ Sa\u00edda<\/p>\n<p>1 x firmware USB tipo C, entrada \/ sa\u00edda de controle<\/p>\n<p>Formatos de entrada de v\u00eddeo:<\/p>\n<p>HDMI (10-Bit 4:2:2 YUV)<\/p>\n<p>1080p: 23.98\/24\/25\/29.97\/30\/50\/59.94\/60 fps<\/p>\n<p>1080i: 50\/59.94\/60 fps<\/p>\n<p>720p: 50\/59.94\/60 fps<\/p>\n<p>Resolu\u00e7\u00f5es HDMI para computadores:<\/p>\n<p>1080p: 60, 59.94, 50, 30, 29.97, 25, 24, 23.98<\/p>\n<p>1080i: 60, 59.94, 50<\/p>\n<p>720p: 60, 59,94, 50<\/p>\n<p>Formatos de sa\u00edda de v\u00eddeo 1080p:<\/p>\n<p>23.98\/24\/25\/29.97\/30\/50\/59.94\/60 fps<\/p>\n<p>Video Sampling:<\/p>\n<p>4:2:2 YUV<\/p>\n<p>Tipos de Efeito:<\/p>\n<p>01x DVE, Gr\u00e1fico, Transi\u00e7\u00e3o, Chroma Key, Alpha Key, Luma Key<\/p>\n<p>ITENS INCLUSOS:<\/p>\n<p>01 ATEM Mini PRO ISO HDMI Blackmagic;<\/p>\n<p>01 Fonte de alimenta\u00e7\u00e3o de 12V com adaptadores internacionais.<\/p>\n<p>PRODUTO ORIGINAL E LACRADO<br \/>\nENVIO IMEDIATO<\/p>\n","protected":false},"excerpt":{"rendered":"<p>Semelhante ao seu antecessor, o ATEM Mini Pro, o ATEM Mini Pro ISO da Blackmagic Design \u00e9 um switcher de produ\u00e7\u00e3o ao vivo de quatro entradas com um painel de controle integrado projetado para transmiss\u00e3o ao vivo multic\u00e2mera para v\u00eddeo HD para a Internet ou aplicativos de transmiss\u00e3o de consoles de jogos, computador corporativo streams [&hellip;]<\/p>\n","protected":false},"featured_media":5574,"comment_status":"open","ping_status":"closed","template":"","meta":[],"product_cat":[34],"product_tag":[],"class_list":{"0":"post-5451","1":"product","2":"type-product","3":"status-publish","4":"has-post-thumbnail","6":"product_cat-placas-de-captura-de-video","8":"first","9":"instock","10":"shipping-taxable","11":"purchasable","12":"product-type-simple"},"jetpack_sharing_enabled":true,"_links":{"self":[{"href":"https:\/\/estacaoindoor.com.br\/prisma\/index.php\/wp-json\/wp\/v2\/product\/5451","targetHints":{"allow":["GET"]}}],"collection":[{"href":"https:\/\/estacaoindoor.com.br\/prisma\/index.php\/wp-json\/wp\/v2\/product"}],"about":[{"href":"https:\/\/estacaoindoor.com.br\/prisma\/index.php\/wp-json\/wp\/v2\/types\/product"}],"replies":[{"embeddable":true,"href":"https:\/\/estacaoindoor.com.br\/prisma\/index.php\/wp-json\/wp\/v2\/comments?post=5451"}],"version-history":[{"count":0,"href":"https:\/\/estacaoindoor.com.br\/prisma\/index.php\/wp-json\/wp\/v2\/product\/5451\/revisions"}],"wp:featuredmedia":[{"embeddable":true,"href":"https:\/\/estacaoindoor.com.br\/prisma\/index.php\/wp-json\/wp\/v2\/media\/5574"}],"wp:attachment":[{"href":"https:\/\/estacaoindoor.com.br\/prisma\/index.php\/wp-json\/wp\/v2\/media?parent=5451"}],"wp:term":[{"taxonomy":"product_cat","embeddable":true,"href":"https:\/\/estacaoindoor.com.br\/prisma\/index.php\/wp-json\/wp\/v2\/product_cat?post=5451"},{"taxonomy":"product_tag","embeddable":true,"href":"https:\/\/estacaoindoor.com.br\/prisma\/index.php\/wp-json\/wp\/v2\/product_tag?post=5451"}],"curies":[{"name":"wp","href":"https:\/\/api.w.org\/{rel}","templated":true}]}}